{"id":1769,"date":"2014-12-09T10:34:42","date_gmt":"2014-12-09T09:34:42","guid":{"rendered":"http:\/\/get-prohockey.eu\/?page_id=1769"},"modified":"2022-05-11T03:35:13","modified_gmt":"2022-05-11T02:35:13","slug":"spolupracujeme","status":"publish","type":"page","link":"https:\/\/get-prohockey.eu\/en\/spolupracujeme\/","title":{"rendered":"Cooperating"},"content":{"rendered":"<h2 class=\"page-header\">Cooperating with<\/h2>\n<div id=\"post-1769\" class=\"post-1769 page type-page status-publish hentry clearfix\">\n<h2><a href=\"http:\/\/get-prohockey.eu\/wp-content\/uploads\/2014\/12\/Goalie-coach-Strharsky-Lukin.jpg\"><img loading=\"lazy\" decoding=\"async\" class=\"alignright wp-image-2042 size-medium\" src=\"http:\/\/get-prohockey.eu\/wp-content\/uploads\/2014\/12\/Goalie-coach-Strharsky-Lukin-300x199.jpg\" alt=\"Goalie coach Strharsky + Lukin\" width=\"300\" height=\"199\" srcset=\"https:\/\/get-prohockey.eu\/wp-content\/uploads\/2014\/12\/Goalie-coach-Strharsky-Lukin-300x199.jpg 300w, https:\/\/get-prohockey.eu\/wp-content\/uploads\/2014\/12\/Goalie-coach-Strharsky-Lukin-150x100.jpg 150w, https:\/\/get-prohockey.eu\/wp-content\/uploads\/2014\/12\/Goalie-coach-Strharsky-Lukin.jpg 853w\" sizes=\"auto, (max-width: 300px) 100vw, 300px\" \/><\/a><\/h2>\n<p><strong>Du\u0161an Strharsk\u00fd<\/strong><\/p>\n<p>goalie coach Pir\u00e1ti Chomutov<\/p>\n<p>goalie coach EHC Basel<\/p>\n<p><strong>Anton Lukin<\/strong><\/p>\n<p>goalie coach EHC Basel<\/p>\n<p><strong>Lukas Smolka<\/strong><\/p>\n<p>goalie coach Schwenninger Wild Wings<\/p>\n<p><strong>Du\u0161an \u0160afr\u00e1nek<a href=\"http:\/\/get-prohockey.eu\/wp-content\/uploads\/2014\/12\/camp-staff.jpg\"><img loading=\"lazy\" decoding=\"async\" class=\"alignright wp-image-2043 size-medium\" src=\"http:\/\/get-prohockey.eu\/wp-content\/uploads\/2014\/12\/camp-staff-300x206.jpg\" alt=\"camp staff\" width=\"300\" height=\"206\" srcset=\"https:\/\/get-prohockey.eu\/wp-content\/uploads\/2014\/12\/camp-staff-300x206.jpg 300w, https:\/\/get-prohockey.eu\/wp-content\/uploads\/2014\/12\/camp-staff.jpg 851w\" sizes=\"auto, (max-width: 300px) 100vw, 300px\" \/><\/a><\/strong><\/p>\n<p>goalie coach HC Slezan Opava<\/p>\n<p><strong>Igor Gross<\/strong><\/p>\n<p>goalie coach Adler Mannheim<\/p>\n<p><strong>Janne Laine<\/strong><\/p>\n<p>goalie coach IFK Helsinky<\/p>\n<p><strong>Rolf von Hedenberg<\/strong><\/p>\n<p>goalie coach IFK Helsinky<\/p>\n<h2>Worked with<\/h2>\n<figure id=\"attachment_1934\" aria-describedby=\"caption-attachment-1934\" style=\"width: 300px\" class=\"wp-caption alignright\"><a href=\"http:\/\/get-prohockey.eu\/wp-content\/uploads\/2014\/12\/ciliak_marek_karta01.jpg\"><img loading=\"lazy\" decoding=\"async\" class=\"wp-image-1934 size-medium\" src=\"http:\/\/get-prohockey.eu\/wp-content\/uploads\/2014\/12\/ciliak_marek_karta01-300x170.jpg\" alt=\"\" width=\"300\" height=\"170\" srcset=\"https:\/\/get-prohockey.eu\/wp-content\/uploads\/2014\/12\/ciliak_marek_karta01-300x170.jpg 300w, https:\/\/get-prohockey.eu\/wp-content\/uploads\/2014\/12\/ciliak_marek_karta01.jpg 1000w\" sizes=\"auto, (max-width: 300px) 100vw, 300px\" \/><\/a><figcaption id=\"caption-attachment-1934\" class=\"wp-caption-text\">Marek \u010ciliak<\/figcaption><\/figure>\n<p>Marek \u010ciliak Kometa Brno<\/p>\n<p>Martin Falter Kometa Brno<\/p>\n<p>Niels Velm Schweningen DEL1<\/p>\n<p>Patrick Golombek Bietigheim Steelers DEL2<\/p>\n<p>Alexei Ivanov Barys Astana Khl<\/p>\n<p>Wolf Imrich Graz 99 Ebl<\/p>\n<p>Daniel Gibl Barrey Colts Ohl.<\/p>\n<h2>Profesional Goaltending <img loading=\"lazy\" decoding=\"async\" class=\"wp-image-1797 size-medium alignright\" src=\"http:\/\/get-prohockey.eu\/wp-content\/uploads\/2014\/12\/ivanov-alexei-300x206.jpg\" alt=\"ivanov alexei\" width=\"300\" height=\"206\" srcset=\"https:\/\/get-prohockey.eu\/wp-content\/uploads\/2014\/12\/ivanov-alexei-300x206.jpg 300w, https:\/\/get-prohockey.eu\/wp-content\/uploads\/2014\/12\/ivanov-alexei.jpg 364w\" sizes=\"auto, (max-width: 300px) 100vw, 300px\" \/>Coach<\/h2>\n<p><a href=\"http:\/\/www.hc-kometa.cz\/\">Kometa Brno<\/a> Goalie Instructor A-Team since 05\/2015<\/p>\n<p><a title=\"http:\/\/www.stuttgarter-ec.de\/\" href=\"http:\/\/www.stuttgarter-ec.de\/\" target=\"_blank\" rel=\"noopener\">Stuttgart Rebels<\/a> Goalie Head Instructor since 2011.<\/p>\n<p><a title=\"http:\/\/www.heilbronner-falken.de\/\" href=\"http:\/\/www.heilbronner-falken.de\/\" target=\"_blank\" rel=\"noopener\">Heilbronn Falken <\/a>Goalie Head Instructor since 2010.<\/p>\n<p><a title=\"http:\/\/www.ehcbaselklh.ch\/\" href=\"http:\/\/www.ehcbaselklh.ch\/\" target=\"_blank\" rel=\"noopener\">Ehc Basel Sharks<\/a>&nbsp; Goalie Head Instructor<\/p>\n<p><a title=\"http:\/\/www.steelers.de\/\" href=\"http:\/\/www.steelers.de\/\" target=\"_blank\" rel=\"noopener\">Bietigheim Steelers<\/a> Goalie Head Instructor since 2012.<\/p>\n<p><a title=\"http:\/\/merc.media-contor.de\/\" href=\"http:\/\/merc.media-contor.de\/\" target=\"_blank\" rel=\"noopener\">Mannheim MERC<\/a>&nbsp;Goalie Instructor<\/p>\n<p><a title=\"http:\/\/www.mad-dogs-mannheim.de\/\" href=\"http:\/\/www.mad-dogs-mannheim.de\/\" target=\"_blank\" rel=\"noopener\">Mannheim Mad Dogs<\/a> Goalie Instructor since 2013.<\/p>\n<p><a title=\"http:\/\/www.hcslezan.cz\/\" href=\"http:\/\/www.hcslezan.cz\/\" target=\"_blank\" rel=\"noopener\">HC Slezan Opava<\/a> Goalie Instructor<img loading=\"lazy\" decoding=\"async\" class=\"wp-image-1799 size-medium alignright\" src=\"http:\/\/get-prohockey.eu\/wp-content\/uploads\/2014\/12\/wolf-imrich-300x169.jpg\" alt=\"wolf imrich\" width=\"300\" height=\"169\" srcset=\"https:\/\/get-prohockey.eu\/wp-content\/uploads\/2014\/12\/wolf-imrich-300x169.jpg 300w, https:\/\/get-prohockey.eu\/wp-content\/uploads\/2014\/12\/wolf-imrich.jpg 358w\" sizes=\"auto, (max-width: 300px) 100vw, 300px\" \/><\/p>\n<p>get-prohockey Bratislava-Slovakia since 2013.<\/p>\n<p>Porsche Camp since 2012.<\/p>\n<p>Hockey Academy Stuttgart since 2012.<\/p>\n<p>Helmut De Raaf Camp since 2012.<\/p>\n<p>Alkra Camp Czech R. 2013.<\/p>\n<p>get-prohockey Bratislava Goalie Skills Camp since 2013.<\/p>\n<p>Petr Jonak Sports Connect Camp Slovakia 2014.<img loading=\"lazy\" decoding=\"async\" class=\"wp-image-1801 alignright\" src=\"http:\/\/get-prohockey.eu\/wp-content\/uploads\/2014\/12\/gibl-daniel.jpg\" alt=\"gibl daniel\" width=\"298\" height=\"298\" srcset=\"https:\/\/get-prohockey.eu\/wp-content\/uploads\/2014\/12\/gibl-daniel.jpg 248w, https:\/\/get-prohockey.eu\/wp-content\/uploads\/2014\/12\/gibl-daniel-150x150.jpg 150w, https:\/\/get-prohockey.eu\/wp-content\/uploads\/2014\/12\/gibl-daniel-64x64.jpg 64w\" sizes=\"auto, (max-width: 298px) 100vw, 298px\" \/><\/p>\n<p>Eppelheim Camp Volker Laub Camp since2012.<\/p>\n<\/div>\n<p><!--more--><\/p>\n","protected":false},"excerpt":{"rendered":"<p>Cooperating with Du\u0161an Strharsk\u00fd goalie coach Pir\u00e1ti Chomutov goalie coach EHC Basel Anton Lukin goalie coach EHC Basel Lukas Smolka goalie coach Schwenninger Wild Wings Du\u0161an \u0160afr\u00e1nek goalie coach HC Slezan Opava Igor Gross goalie coach Adler Mannheim Janne Laine goalie coach IFK Helsinky Rolf von Hedenberg goalie coach IFK Helsinky Worked with Marek \u010ciliak [&hellip;]<\/p>\n","protected":false},"author":2,"featured_media":0,"parent":0,"menu_order":0,"comment_status":"open","ping_status":"open","template":"","meta":{"_exactmetrics_skip_tracking":false,"_exactmetrics_sitenote_active":false,"_exactmetrics_sitenote_note":"","_exactmetrics_sitenote_category":0,"two_page_speed":[],"footnotes":""},"class_list":["post-1769","page","type-page","status-publish","hentry"],"_links":{"self":[{"href":"https:\/\/get-prohockey.eu\/en\/wp-json\/wp\/v2\/pages\/1769","targetHints":{"allow":["GET"]}}],"collection":[{"href":"https:\/\/get-prohockey.eu\/en\/wp-json\/wp\/v2\/pages"}],"about":[{"href":"https:\/\/get-prohockey.eu\/en\/wp-json\/wp\/v2\/types\/page"}],"author":[{"embeddable":true,"href":"https:\/\/get-prohockey.eu\/en\/wp-json\/wp\/v2\/users\/2"}],"replies":[{"embeddable":true,"href":"https:\/\/get-prohockey.eu\/en\/wp-json\/wp\/v2\/comments?post=1769"}],"version-history":[{"count":6,"href":"https:\/\/get-prohockey.eu\/en\/wp-json\/wp\/v2\/pages\/1769\/revisions"}],"predecessor-version":[{"id":7753,"href":"https:\/\/get-prohockey.eu\/en\/wp-json\/wp\/v2\/pages\/1769\/revisions\/7753"}],"wp:attachment":[{"href":"https:\/\/get-prohockey.eu\/en\/wp-json\/wp\/v2\/media?parent=1769"}],"curies":[{"name":"wp","href":"https:\/\/api.w.org\/{rel}","templated":true}]}}